{"id":166,"date":"2023-01-05T11:57:15","date_gmt":"2023-01-05T10:57:15","guid":{"rendered":"http:\/\/aufildeneuville.fr\/?page_id=166"},"modified":"2023-01-05T13:06:32","modified_gmt":"2023-01-05T12:06:32","slug":"166-2","status":"publish","type":"page","link":"http:\/\/aufildeneuville.fr\/index.php\/166-2\/","title":{"rendered":"Etage"},"content":{"rendered":"\n<figure class=\"wp-block-gallery columns-3 is-cropped\"><ul class=\"blocks-gallery-grid\"><li class=\"blocks-gallery-item\"><figure><img loading=\"lazy\" width=\"768\" height=\"1024\" src=\"http:\/\/aufildeneuville.fr\/wp-content\/uploads\/2023\/01\/20221225_130252-1-768x1024.jpg\" alt=\"chambre avec lit b\u00e9b\u00e9 \u00e0 l'\u00e9tage\" data-id=\"164\" data-full-url=\"http:\/\/aufildeneuville.fr\/wp-content\/uploads\/2023\/01\/20221225_130252-1-scaled.jpg\" data-link=\"http:\/\/aufildeneuville.fr\/?attachment_id=164#main\" class=\"wp-image-164\" srcset=\"http:\/\/aufildeneuville.fr\/wp-content\/uploads\/2023\/01\/20221225_130252-1-768x1024.jpg 768w, http:\/\/aufildeneuville.fr\/wp-content\/uploads\/2023\/01\/20221225_130252-1-225x300.jpg 225w, http:\/\/aufildeneuville.fr\/wp-content\/uploads\/2023\/01\/20221225_130252-1-1152x1536.jpg 1152w, http:\/\/aufildeneuville.fr\/wp-content\/uploads\/2023\/01\/20221225_130252-1-1536x2048.jpg 1536w, http:\/\/aufildeneuville.fr\/wp-content\/uploads\/2023\/01\/20221225_130252-1-scaled.jpg 1920w\" sizes=\"(max-width: 768px) 100vw, 768px\" \/><figcaption class=\"blocks-gallery-item__caption\">chambre avec lit b\u00e9b\u00e9 \u00e0 l&rsquo;\u00e9tage<\/figcaption><\/figure><\/li><li class=\"blocks-gallery-item\"><figure><img loading=\"lazy\" width=\"1024\" height=\"768\" src=\"http:\/\/aufildeneuville.fr\/wp-content\/uploads\/2023\/01\/20221225_132606-2-1024x768.jpg\" alt=\"\" data-id=\"165\" data-full-url=\"http:\/\/aufildeneuville.fr\/wp-content\/uploads\/2023\/01\/20221225_132606-2-scaled.jpg\" data-link=\"http:\/\/aufildeneuville.fr\/?attachment_id=165#main\" class=\"wp-image-165\" srcset=\"http:\/\/aufildeneuville.fr\/wp-content\/uploads\/2023\/01\/20221225_132606-2-1024x768.jpg 1024w, http:\/\/aufildeneuville.fr\/wp-content\/uploads\/2023\/01\/20221225_132606-2-300x225.jpg 300w, http:\/\/aufildeneuville.fr\/wp-content\/uploads\/2023\/01\/20221225_132606-2-768x576.jpg 768w, http:\/\/aufildeneuville.fr\/wp-content\/uploads\/2023\/01\/20221225_132606-2-1536x1152.jpg 1536w, http:\/\/aufildeneuville.fr\/wp-content\/uploads\/2023\/01\/20221225_132606-2-2048x1536.jpg 2048w\" sizes=\"(max-width: 1024px) 100vw, 1024px\" \/><figcaption class=\"blocks-gallery-item__caption\">chambre \u00e0 l&rsquo;\u00e9tage<\/figcaption><\/figure><\/li><li class=\"blocks-gallery-item\"><figure><img loading=\"lazy\" width=\"1024\" height=\"768\" src=\"http:\/\/aufildeneuville.fr\/wp-content\/uploads\/2023\/01\/20221225_132500-1024x768.jpg\" alt=\"\" data-id=\"149\" data-full-url=\"http:\/\/aufildeneuville.fr\/wp-content\/uploads\/2023\/01\/20221225_132500-scaled.jpg\" data-link=\"http:\/\/aufildeneuville.fr\/?attachment_id=149#main\" class=\"wp-image-149\" srcset=\"http:\/\/aufildeneuville.fr\/wp-content\/uploads\/2023\/01\/20221225_132500-1024x768.jpg 1024w, http:\/\/aufildeneuville.fr\/wp-content\/uploads\/2023\/01\/20221225_132500-300x225.jpg 300w, http:\/\/aufildeneuville.fr\/wp-content\/uploads\/2023\/01\/20221225_132500-768x576.jpg 768w, http:\/\/aufildeneuville.fr\/wp-content\/uploads\/2023\/01\/20221225_132500-1536x1152.jpg 1536w, http:\/\/aufildeneuville.fr\/wp-content\/uploads\/2023\/01\/20221225_132500-2048x1536.jpg 2048w\" sizes=\"(max-width: 1024px) 100vw, 1024px\" \/><figcaption class=\"blocks-gallery-item__caption\">chambre \u00e0 l&rsquo;\u00e9tage<\/figcaption><\/figure><\/li><li class=\"blocks-gallery-item\"><figure><img loading=\"lazy\" width=\"1024\" height=\"768\" src=\"http:\/\/aufildeneuville.fr\/wp-content\/uploads\/2023\/01\/20221225_132646-1-1024x768.jpg\" alt=\"\" data-id=\"160\" data-full-url=\"http:\/\/aufildeneuville.fr\/wp-content\/uploads\/2023\/01\/20221225_132646-1-scaled.jpg\" data-link=\"http:\/\/aufildeneuville.fr\/20221225_132646-2\/\" class=\"wp-image-160\" srcset=\"http:\/\/aufildeneuville.fr\/wp-content\/uploads\/2023\/01\/20221225_132646-1-1024x768.jpg 1024w, http:\/\/aufildeneuville.fr\/wp-content\/uploads\/2023\/01\/20221225_132646-1-300x225.jpg 300w, http:\/\/aufildeneuville.fr\/wp-content\/uploads\/2023\/01\/20221225_132646-1-768x576.jpg 768w, http:\/\/aufildeneuville.fr\/wp-content\/uploads\/2023\/01\/20221225_132646-1-1536x1152.jpg 1536w, http:\/\/aufildeneuville.fr\/wp-content\/uploads\/2023\/01\/20221225_132646-1-2048x1536.jpg 2048w\" sizes=\"(max-width: 1024px) 100vw, 1024px\" \/><figcaption class=\"blocks-gallery-item__caption\">salle d&rsquo;eau \u00e0 l&rsquo;\u00e9tage<\/figcaption><\/figure><\/li><li class=\"blocks-gallery-item\"><figure><img loading=\"lazy\" width=\"768\" height=\"1024\" src=\"http:\/\/aufildeneuville.fr\/wp-content\/uploads\/2023\/01\/20221225_131403-1-768x1024.jpg\" alt=\"\" data-id=\"161\" data-full-url=\"http:\/\/aufildeneuville.fr\/wp-content\/uploads\/2023\/01\/20221225_131403-1-scaled.jpg\" data-link=\"http:\/\/aufildeneuville.fr\/20221225_131403-2\/\" class=\"wp-image-161\" srcset=\"http:\/\/aufildeneuville.fr\/wp-content\/uploads\/2023\/01\/20221225_131403-1-768x1024.jpg 768w, http:\/\/aufildeneuville.fr\/wp-content\/uploads\/2023\/01\/20221225_131403-1-225x300.jpg 225w, http:\/\/aufildeneuville.fr\/wp-content\/uploads\/2023\/01\/20221225_131403-1-1152x1536.jpg 1152w, http:\/\/aufildeneuville.fr\/wp-content\/uploads\/2023\/01\/20221225_131403-1-1536x2048.jpg 1536w, http:\/\/aufildeneuville.fr\/wp-content\/uploads\/2023\/01\/20221225_131403-1-scaled.jpg 1920w\" sizes=\"(max-width: 768px) 100vw, 768px\" \/><figcaption class=\"blocks-gallery-item__caption\">baby foot \u00e0 l&rsquo;\u00e9tage<\/figcaption><\/figure><\/li><li class=\"blocks-gallery-item\"><figure><img loading=\"lazy\" width=\"1024\" height=\"768\" src=\"http:\/\/aufildeneuville.fr\/wp-content\/uploads\/2023\/01\/20221225_132724-1-1024x768.jpg\" alt=\"\" data-id=\"162\" data-full-url=\"http:\/\/aufildeneuville.fr\/wp-content\/uploads\/2023\/01\/20221225_132724-1-scaled.jpg\" data-link=\"http:\/\/aufildeneuville.fr\/20221225_132724-2\/\" class=\"wp-image-162\" srcset=\"http:\/\/aufildeneuville.fr\/wp-content\/uploads\/2023\/01\/20221225_132724-1-1024x768.jpg 1024w, http:\/\/aufildeneuville.fr\/wp-content\/uploads\/2023\/01\/20221225_132724-1-300x225.jpg 300w, http:\/\/aufildeneuville.fr\/wp-content\/uploads\/2023\/01\/20221225_132724-1-768x576.jpg 768w, http:\/\/aufildeneuville.fr\/wp-content\/uploads\/2023\/01\/20221225_132724-1-1536x1152.jpg 1536w, http:\/\/aufildeneuville.fr\/wp-content\/uploads\/2023\/01\/20221225_132724-1-2048x1536.jpg 2048w\" sizes=\"(max-width: 1024px) 100vw, 1024px\" \/><\/figure><\/li><\/ul><\/figure>\n","protected":false},"excerpt":{"rendered":"","protected":false},"author":1,"featured_media":0,"parent":0,"menu_order":0,"comment_status":"closed","ping_status":"closed","template":"","meta":[],"_links":{"self":[{"href":"http:\/\/aufildeneuville.fr\/index.php\/wp-json\/wp\/v2\/pages\/166"}],"collection":[{"href":"http:\/\/aufildeneuville.fr\/index.php\/wp-json\/wp\/v2\/pages"}],"about":[{"href":"http:\/\/aufildeneuville.fr\/index.php\/wp-json\/wp\/v2\/types\/page"}],"author":[{"embeddable":true,"href":"http:\/\/aufildeneuville.fr\/index.php\/wp-json\/wp\/v2\/users\/1"}],"replies":[{"embeddable":true,"href":"http:\/\/aufildeneuville.fr\/index.php\/wp-json\/wp\/v2\/comments?post=166"}],"version-history":[{"count":3,"href":"http:\/\/aufildeneuville.fr\/index.php\/wp-json\/wp\/v2\/pages\/166\/revisions"}],"predecessor-version":[{"id":177,"href":"http:\/\/aufildeneuville.fr\/index.php\/wp-json\/wp\/v2\/pages\/166\/revisions\/177"}],"wp:attachment":[{"href":"http:\/\/aufildeneuville.fr\/index.php\/wp-json\/wp\/v2\/media?parent=166"}],"curies":[{"name":"wp","href":"https:\/\/api.w.org\/{rel}","templated":true}]}}